{"id":800,"date":"2022-09-03T17:02:02","date_gmt":"2022-09-03T17:02:02","guid":{"rendered":"https:\/\/www.nft-skybar.com\/contact\/"},"modified":"2024-07-19T12:51:29","modified_gmt":"2024-07-19T12:51:29","slug":"contact","status":"publish","type":"page","link":"https:\/\/www.nft-skybar.com\/de\/contact\/","title":{"rendered":"Contact"},"content":{"rendered":"\t\t<div data-elementor-type=\"wp-page\" data-elementor-id=\"800\" class=\"elementor elementor-800 elementor-77\" data-elementor-post-type=\"page\">\n\t\t\t\t\t\t<section class=\"elementor-section elementor-top-section elementor-element elementor-element-f8e66ce block-intro elementor-section-boxed elementor-section-height-default elementor-section-height-default\" data-id=\"f8e66ce\" data-element_type=\"section\" data-e-type=\"section\">\n\t\t\t\t\t\t<div class=\"elementor-container elementor-column-gap-default\">\n\t\t\t\t\t<div class=\"elementor-column elementor-col-100 elementor-top-column elementor-element elementor-element-0d20ce4\" data-id=\"0d20ce4\" data-element_type=\"column\" data-e-type=\"column\">\n\t\t\t<div class=\"elementor-widget-wrap elementor-element-populated\">\n\t\t\t\t\t\t<section class=\"elementor-section elementor-inner-section elementor-element elementor-element-062335e mb-0 elementor-section-boxed elementor-section-height-default elementor-section-height-default\" data-id=\"062335e\" data-element_type=\"section\" data-e-type=\"section\">\n\t\t\t\t\t\t<div class=\"elementor-container elementor-column-gap-default\">\n\t\t\t\t\t<div class=\"elementor-column elementor-col-33 elementor-inner-column elementor-element elementor-element-6f3e2cc\" data-id=\"6f3e2cc\" data-element_type=\"column\" data-e-type=\"column\">\n\t\t\t<div class=\"elementor-widget-wrap\">\n\t\t\t\t\t\t\t<\/div>\n\t\t<\/div>\n\t\t\t\t<div class=\"elementor-column elementor-col-33 elementor-inner-column elementor-element elementor-element-85ac79d\" data-id=\"85ac79d\" data-element_type=\"column\" data-e-type=\"column\">\n\t\t\t<div class=\"elementor-widget-wrap elementor-element-populated\">\n\t\t\t\t\t\t<div class=\"elementor-element elementor-element-2672379 elementor-widget elementor-widget-heading\" data-id=\"2672379\" data-element_type=\"widget\" data-e-type=\"widget\" data-widget_type=\"heading.default\">\n\t\t\t\t<div class=\"elementor-widget-container\">\n\t\t\t\t\t<h2 class=\"elementor-heading-title elementor-size-default\">Contact &amp; Reservation<\/h2>\t\t\t\t<\/div>\n\t\t\t\t<\/div>\n\t\t\t\t<div class=\"elementor-element elementor-element-0269241 elementor-widget elementor-widget-text-editor\" data-id=\"0269241\" data-element_type=\"widget\" data-e-type=\"widget\" data-widget_type=\"text-editor.default\">\n\t\t\t\t<div class=\"elementor-widget-container\">\n\t\t\t\t\t\t\t\t\t<p style=\"text-align: center;\">Es ist gar nicht schwer, in Frankfurt nach ganz oben zu kommen.<\/p><p style=\"text-align: center;\">So erreichen Sie uns in 185 Metern H\u00f6he:<\/p>\t\t\t\t\t\t\t\t<\/div>\n\t\t\t\t<\/div>\n\t\t\t\t\t<\/div>\n\t\t<\/div>\n\t\t\t\t<div class=\"elementor-column elementor-col-33 elementor-inner-column elementor-element elementor-element-0ef5335\" data-id=\"0ef5335\" data-element_type=\"column\" data-e-type=\"column\">\n\t\t\t<div class=\"elementor-widget-wrap\">\n\t\t\t\t\t\t\t<\/div>\n\t\t<\/div>\n\t\t\t\t\t<\/div>\n\t\t<\/section>\n\t\t\t\t\t<\/div>\n\t\t<\/div>\n\t\t\t\t\t<\/div>\n\t\t<\/section>\n\t\t\t\t<section class=\"elementor-section elementor-top-section elementor-element elementor-element-11057c0 elementor-section-full_width img-background elementor-section-height-default elementor-section-height-default\" data-id=\"11057c0\" data-element_type=\"section\" data-e-type=\"section\">\n\t\t\t\t\t\t\t<div class=\"elementor-background-overlay\"><\/div>\n\t\t\t\t\t\t\t<div class=\"elementor-container elementor-column-gap-default\">\n\t\t\t\t\t<div class=\"elementor-column elementor-col-100 elementor-top-column elementor-element elementor-element-6a118bd\" data-id=\"6a118bd\" data-element_type=\"column\" data-e-type=\"column\">\n\t\t\t<div class=\"elementor-widget-wrap\">\n\t\t\t\t\t\t\t<\/div>\n\t\t<\/div>\n\t\t\t\t\t<\/div>\n\t\t<\/section>\n\t\t\t\t<section class=\"elementor-section elementor-top-section elementor-element elementor-element-759f1f5 elementor-section-boxed elementor-section-height-default elementor-section-height-default\" data-id=\"759f1f5\" data-element_type=\"section\" data-e-type=\"section\">\n\t\t\t\t\t\t<div class=\"elementor-container elementor-column-gap-default\">\n\t\t\t\t\t<div class=\"elementor-column elementor-col-100 elementor-top-column elementor-element elementor-element-591717d\" data-id=\"591717d\" data-element_type=\"column\" data-e-type=\"column\">\n\t\t\t<div class=\"elementor-widget-wrap elementor-element-populated\">\n\t\t\t\t\t\t<section class=\"elementor-section elementor-inner-section elementor-element elementor-element-098eedd mb-0 elementor-section-boxed elementor-section-height-default elementor-section-height-default\" data-id=\"098eedd\" data-element_type=\"section\" data-e-type=\"section\" id=\"skyflextop\">\n\t\t\t\t\t\t<div class=\"elementor-container elementor-column-gap-default\">\n\t\t\t\t\t<div class=\"elementor-column elementor-col-33 elementor-inner-column elementor-element elementor-element-a8b1483\" data-id=\"a8b1483\" data-element_type=\"column\" data-e-type=\"column\">\n\t\t\t<div class=\"elementor-widget-wrap elementor-element-populated\">\n\t\t\t\t\t\t<div class=\"elementor-element elementor-element-5888fb0 elementor-widget elementor-widget-heading\" data-id=\"5888fb0\" data-element_type=\"widget\" data-e-type=\"widget\" data-widget_type=\"heading.default\">\n\t\t\t\t<div class=\"elementor-widget-container\">\n\t\t\t\t\t<h2 class=\"elementor-heading-title elementor-size-default\">SPECIAL EVENTS<\/h2>\t\t\t\t<\/div>\n\t\t\t\t<\/div>\n\t\t\t\t<div class=\"elementor-element elementor-element-a78ecb3 elementor-widget elementor-widget-text-editor\" data-id=\"a78ecb3\" data-element_type=\"widget\" data-e-type=\"widget\" data-widget_type=\"text-editor.default\">\n\t\t\t\t<div class=\"elementor-widget-container\">\n\t\t\t\t\t\t\t\t\t<p style=\"text-align: center;\">Eine Feier so einzigartig wie ein NFT?<\/p><p style=\"text-align: center;\">\u00a0Ein Businessempfang in einem ganz eigenen Licht? Ein digitales Date, das jetzt au\u00dfergew\u00f6hnlich real werden soll? Sie d\u00fcrfen gerne kreativ werden \u2013 in der NFT Skybar machen wir Veranstaltungen zu frischer Kunst!<\/p><p style=\"text-align: center;\">Unser Eventmanagement ist f\u00fcr Sie da: <a href=\"mailto:skybar.nhowfrankfurt@nhow-hotels.com\">skybar.nhowfrankfurt@nhow-hotels.com<\/a><\/p>\t\t\t\t\t\t\t\t<\/div>\n\t\t\t\t<\/div>\n\t\t\t\t\t<\/div>\n\t\t<\/div>\n\t\t\t\t<div class=\"elementor-column elementor-col-33 elementor-inner-column elementor-element elementor-element-6655c65\" data-id=\"6655c65\" data-element_type=\"column\" data-e-type=\"column\">\n\t\t\t<div class=\"elementor-widget-wrap elementor-element-populated\">\n\t\t\t\t\t\t<div class=\"elementor-element elementor-element-35c23cd elementor-widget elementor-widget-heading\" data-id=\"35c23cd\" data-element_type=\"widget\" data-e-type=\"widget\" data-widget_type=\"heading.default\">\n\t\t\t\t<div class=\"elementor-widget-container\">\n\t\t\t\t\t<h2 class=\"elementor-heading-title elementor-size-default\">UNSERE ADRESSE\n<\/h2>\t\t\t\t<\/div>\n\t\t\t\t<\/div>\n\t\t\t\t<div class=\"elementor-element elementor-element-a6b675e elementor-widget elementor-widget-text-editor\" data-id=\"a6b675e\" data-element_type=\"widget\" data-e-type=\"widget\" data-widget_type=\"text-editor.default\">\n\t\t\t\t<div class=\"elementor-widget-container\">\n\t\t\t\t\t\t\t\t\t<p style=\"text-align: center;\">NFT Skybar by nhow Frankfurt<\/p><p style=\"text-align: center;\">Br\u00fcsseler Strasse 1-3<\/p><p style=\"text-align: center;\">60327 Frankfurt<\/p><p style=\"text-align: center;\">Germany<\/p>\t\t\t\t\t\t\t\t<\/div>\n\t\t\t\t<\/div>\n\t\t\t\t\t<\/div>\n\t\t<\/div>\n\t\t\t\t<div class=\"elementor-column elementor-col-33 elementor-inner-column elementor-element elementor-element-2a020e3\" data-id=\"2a020e3\" data-element_type=\"column\" data-e-type=\"column\">\n\t\t\t<div class=\"elementor-widget-wrap elementor-element-populated\">\n\t\t\t\t\t\t<div class=\"elementor-element elementor-element-55c0938 elementor-widget elementor-widget-heading\" data-id=\"55c0938\" data-element_type=\"widget\" data-e-type=\"widget\" data-widget_type=\"heading.default\">\n\t\t\t\t<div class=\"elementor-widget-container\">\n\t\t\t\t\t<h2 class=\"elementor-heading-title elementor-size-default\">PARKEN<\/h2>\t\t\t\t<\/div>\n\t\t\t\t<\/div>\n\t\t\t\t<div class=\"elementor-element elementor-element-c126d6b elementor-widget elementor-widget-text-editor\" data-id=\"c126d6b\" data-element_type=\"widget\" data-e-type=\"widget\" data-widget_type=\"text-editor.default\">\n\t\t\t\t<div class=\"elementor-widget-container\">\n\t\t\t\t\t\t\t\t\t<p style=\"text-align: center;\">Parken vor Ort: \u00dcberdacht<\/p><p style=\"text-align: center;\">Preis: 3,20\u20ac pro Stunde,<\/p><p style=\"text-align: center;\">34\u20ac pro Tag.<\/p>\t\t\t\t\t\t\t\t<\/div>\n\t\t\t\t<\/div>\n\t\t\t\t\t<\/div>\n\t\t<\/div>\n\t\t\t\t\t<\/div>\n\t\t<\/section>\n\t\t\t\t\t<\/div>\n\t\t<\/div>\n\t\t\t\t\t<\/div>\n\t\t<\/section>\n\t\t\t\t<section class=\"elementor-section elementor-top-section elementor-element elementor-element-9c790bb contactmap elementor-section-boxed elementor-section-height-default elementor-section-height-default\" data-id=\"9c790bb\" data-element_type=\"section\" data-e-type=\"section\">\n\t\t\t\t\t\t<div class=\"elementor-container elementor-column-gap-default\">\n\t\t\t\t\t<div class=\"elementor-column elementor-col-100 elementor-top-column elementor-element elementor-element-4e5aafb\" data-id=\"4e5aafb\" data-element_type=\"column\" data-e-type=\"column\">\n\t\t\t<div class=\"elementor-widget-wrap elementor-element-populated\">\n\t\t\t\t\t\t<div class=\"elementor-element elementor-element-af3e630 elementor-widget elementor-widget-html\" data-id=\"af3e630\" data-element_type=\"widget\" data-e-type=\"widget\" data-widget_type=\"html.default\">\n\t\t\t\t<div class=\"elementor-widget-container\">\n\t\t\t\t\t<iframe src=\"https:\/\/www.google.com\/maps\/embed?pb=!1m14!1m8!1m3!1d5117.446270755205!2d8.653688!3d50.110189!3m2!1i1024!2i768!4f13.1!3m3!1m2!1s0x0%3A0xc2e2c928675de804!2sNFT%20SKYBAR%20%26%20RESTAURANT!5e0!3m2!1sde!2ses!4v1669023946216!5m2!1sde!2ses\" width=\"600\" height=\"450\" style=\"border:0;\" allowfullscreen=\"\" loading=\"lazy\" referrerpolicy=\"no-referrer-when-downgrade\"><\/iframe>\t\t\t\t<\/div>\n\t\t\t\t<\/div>\n\t\t\t\t\t<\/div>\n\t\t<\/div>\n\t\t\t\t\t<\/div>\n\t\t<\/section>\n\t\t\t\t<\/div>\n\t\t","protected":false},"excerpt":{"rendered":"<p>Contact &amp; Reservation Es ist gar nicht schwer, in Frankfurt nach ganz oben zu kommen. So erreichen Sie uns in 185 Metern H\u00f6he: SPECIAL EVENTS Eine Feier so einzigartig wie ein NFT? \u00a0Ein Businessempfang in einem ganz eigenen Licht? Ein digitales Date, das jetzt au\u00dfergew\u00f6hnlich real werden soll? Sie d\u00fcrfen gerne kreativ werden \u2013 in [&hellip;]<\/p>\n","protected":false},"author":1,"featured_media":0,"parent":0,"menu_order":0,"comment_status":"closed","ping_status":"closed","template":"","meta":{"footnotes":""},"class_list":["post-800","page","type-page","status-publish","hentry"],"acf":[],"yoast_head":"<!-- This site is optimized with the Yoast SEO plugin v27.0 - https:\/\/yoast.com\/product\/yoast-seo-wordpress\/ -->\n<title>Kontakt | NFT Skybar<\/title>\n<meta name=\"description\" content=\"Haben Sie Fragen zu Ihrer Reservierung bei NFT Skybar? Besuchen Sie diese Seite, um mit uns Kontakt aufzunehmen. Wir kl\u00e4ren all Ihre Fragen!\" \/>\n<meta name=\"robots\" content=\"index, follow, max-snippet:-1, max-image-preview:large, max-video-preview:-1\" \/>\n<link rel=\"canonical\" href=\"https:\/\/www.nft-skybar.com\/de\/contact\/\" \/>\n<meta property=\"og:locale\" content=\"de_DE\" \/>\n<meta property=\"og:type\" content=\"article\" \/>\n<meta property=\"og:title\" content=\"Kontakt | NFT Skybar\" \/>\n<meta property=\"og:description\" content=\"Haben Sie Fragen zu Ihrer Reservierung bei NFT Skybar? Besuchen Sie diese Seite, um mit uns Kontakt aufzunehmen. Wir kl\u00e4ren all Ihre Fragen!\" \/>\n<meta property=\"og:url\" content=\"https:\/\/www.nft-skybar.com\/de\/contact\/\" \/>\n<meta property=\"og:site_name\" content=\"SkyBar\" \/>\n<meta property=\"article:modified_time\" content=\"2024-07-19T12:51:29+00:00\" \/>\n<meta name=\"twitter:card\" content=\"summary_large_image\" \/>\n<meta name=\"twitter:label1\" content=\"Gesch\u00e4tzte Lesezeit\" \/>\n\t<meta name=\"twitter:data1\" content=\"1\u00a0Minute\" \/>\n<script type=\"application\/ld+json\" class=\"yoast-schema-graph\">{\"@context\":\"https:\/\/schema.org\",\"@graph\":[{\"@type\":\"WebPage\",\"@id\":\"https:\/\/www.nft-skybar.com\/de\/contact\/\",\"url\":\"https:\/\/www.nft-skybar.com\/de\/contact\/\",\"name\":\"Kontakt | NFT Skybar\",\"isPartOf\":{\"@id\":\"https:\/\/www.nft-skybar.com\/de\/#website\"},\"datePublished\":\"2022-09-03T17:02:02+00:00\",\"dateModified\":\"2024-07-19T12:51:29+00:00\",\"description\":\"Haben Sie Fragen zu Ihrer Reservierung bei NFT Skybar? Besuchen Sie diese Seite, um mit uns Kontakt aufzunehmen. Wir kl\u00e4ren all Ihre Fragen!\",\"breadcrumb\":{\"@id\":\"https:\/\/www.nft-skybar.com\/de\/contact\/#breadcrumb\"},\"inLanguage\":\"de\",\"potentialAction\":[{\"@type\":\"ReadAction\",\"target\":[\"https:\/\/www.nft-skybar.com\/de\/contact\/\"]}]},{\"@type\":\"BreadcrumbList\",\"@id\":\"https:\/\/www.nft-skybar.com\/de\/contact\/#breadcrumb\",\"itemListElement\":[{\"@type\":\"ListItem\",\"position\":1,\"name\":\"Home\",\"item\":\"https:\/\/www.nft-skybar.com\/de\/\"},{\"@type\":\"ListItem\",\"position\":2,\"name\":\"Contact\"}]},{\"@type\":\"WebSite\",\"@id\":\"https:\/\/www.nft-skybar.com\/de\/#website\",\"url\":\"https:\/\/www.nft-skybar.com\/de\/\",\"name\":\"SkyBar\",\"description\":\"\",\"potentialAction\":[{\"@type\":\"SearchAction\",\"target\":{\"@type\":\"EntryPoint\",\"urlTemplate\":\"https:\/\/www.nft-skybar.com\/de\/?s={search_term_string}\"},\"query-input\":{\"@type\":\"PropertyValueSpecification\",\"valueRequired\":true,\"valueName\":\"search_term_string\"}}],\"inLanguage\":\"de\"}]}<\/script>\n<!-- \/ Yoast SEO plugin. -->","yoast_head_json":{"title":"Kontakt | NFT Skybar","description":"Haben Sie Fragen zu Ihrer Reservierung bei NFT Skybar? Besuchen Sie diese Seite, um mit uns Kontakt aufzunehmen. Wir kl\u00e4ren all Ihre Fragen!","robots":{"index":"index","follow":"follow","max-snippet":"max-snippet:-1","max-image-preview":"max-image-preview:large","max-video-preview":"max-video-preview:-1"},"canonical":"https:\/\/www.nft-skybar.com\/de\/contact\/","og_locale":"de_DE","og_type":"article","og_title":"Kontakt | NFT Skybar","og_description":"Haben Sie Fragen zu Ihrer Reservierung bei NFT Skybar? Besuchen Sie diese Seite, um mit uns Kontakt aufzunehmen. Wir kl\u00e4ren all Ihre Fragen!","og_url":"https:\/\/www.nft-skybar.com\/de\/contact\/","og_site_name":"SkyBar","article_modified_time":"2024-07-19T12:51:29+00:00","twitter_card":"summary_large_image","twitter_misc":{"Gesch\u00e4tzte Lesezeit":"1\u00a0Minute"},"schema":{"@context":"https:\/\/schema.org","@graph":[{"@type":"WebPage","@id":"https:\/\/www.nft-skybar.com\/de\/contact\/","url":"https:\/\/www.nft-skybar.com\/de\/contact\/","name":"Kontakt | NFT Skybar","isPartOf":{"@id":"https:\/\/www.nft-skybar.com\/de\/#website"},"datePublished":"2022-09-03T17:02:02+00:00","dateModified":"2024-07-19T12:51:29+00:00","description":"Haben Sie Fragen zu Ihrer Reservierung bei NFT Skybar? Besuchen Sie diese Seite, um mit uns Kontakt aufzunehmen. Wir kl\u00e4ren all Ihre Fragen!","breadcrumb":{"@id":"https:\/\/www.nft-skybar.com\/de\/contact\/#breadcrumb"},"inLanguage":"de","potentialAction":[{"@type":"ReadAction","target":["https:\/\/www.nft-skybar.com\/de\/contact\/"]}]},{"@type":"BreadcrumbList","@id":"https:\/\/www.nft-skybar.com\/de\/contact\/#breadcrumb","itemListElement":[{"@type":"ListItem","position":1,"name":"Home","item":"https:\/\/www.nft-skybar.com\/de\/"},{"@type":"ListItem","position":2,"name":"Contact"}]},{"@type":"WebSite","@id":"https:\/\/www.nft-skybar.com\/de\/#website","url":"https:\/\/www.nft-skybar.com\/de\/","name":"SkyBar","description":"","potentialAction":[{"@type":"SearchAction","target":{"@type":"EntryPoint","urlTemplate":"https:\/\/www.nft-skybar.com\/de\/?s={search_term_string}"},"query-input":{"@type":"PropertyValueSpecification","valueRequired":true,"valueName":"search_term_string"}}],"inLanguage":"de"}]}},"_links":{"self":[{"href":"https:\/\/www.nft-skybar.com\/de\/wp-json\/wp\/v2\/pages\/800","targetHints":{"allow":["GET"]}}],"collection":[{"href":"https:\/\/www.nft-skybar.com\/de\/wp-json\/wp\/v2\/pages"}],"about":[{"href":"https:\/\/www.nft-skybar.com\/de\/wp-json\/wp\/v2\/types\/page"}],"author":[{"embeddable":true,"href":"https:\/\/www.nft-skybar.com\/de\/wp-json\/wp\/v2\/users\/1"}],"replies":[{"embeddable":true,"href":"https:\/\/www.nft-skybar.com\/de\/wp-json\/wp\/v2\/comments?post=800"}],"version-history":[{"count":29,"href":"https:\/\/www.nft-skybar.com\/de\/wp-json\/wp\/v2\/pages\/800\/revisions"}],"predecessor-version":[{"id":1583,"href":"https:\/\/www.nft-skybar.com\/de\/wp-json\/wp\/v2\/pages\/800\/revisions\/1583"}],"wp:attachment":[{"href":"https:\/\/www.nft-skybar.com\/de\/wp-json\/wp\/v2\/media?parent=800"}],"curies":[{"name":"wp","href":"https:\/\/api.w.org\/{rel}","templated":true}]}}