{"id":813,"date":"2022-09-03T16:54:24","date_gmt":"2022-09-03T16:54:24","guid":{"rendered":"https:\/\/www.nft-skybar.com\/menu\/"},"modified":"2025-02-24T08:53:01","modified_gmt":"2025-02-24T08:53:01","slug":"menu","status":"publish","type":"page","link":"https:\/\/www.nft-skybar.com\/de\/menu\/","title":{"rendered":"Menu"},"content":{"rendered":"\t\t<div data-elementor-type=\"wp-page\" data-elementor-id=\"813\" class=\"elementor elementor-813 elementor-69\" data-elementor-post-type=\"page\">\n\t\t\t\t\t\t<section class=\"elementor-section elementor-top-section elementor-element elementor-element-1165fe8 elementor-section-full_width block-hero elementor-section-height-default elementor-section-height-default\" data-id=\"1165fe8\" data-element_type=\"section\" data-e-type=\"section\">\n\t\t\t\t\t\t<div class=\"elementor-container elementor-column-gap-default\">\n\t\t\t\t\t<div class=\"elementor-column elementor-col-100 elementor-top-column elementor-element elementor-element-c567304\" data-id=\"c567304\" data-element_type=\"column\" data-e-type=\"column\">\n\t\t\t<div class=\"elementor-widget-wrap elementor-element-populated\">\n\t\t\t\t\t\t<section class=\"elementor-section elementor-inner-section elementor-element elementor-element-f86ad22 elementor-section-full_width wrapper-text elementor-section-height-default elementor-section-height-default\" data-id=\"f86ad22\" data-element_type=\"section\" data-e-type=\"section\">\n\t\t\t\t\t\t<div class=\"elementor-container elementor-column-gap-default\">\n\t\t\t\t\t<div class=\"elementor-column elementor-col-100 elementor-inner-column elementor-element elementor-element-65b6c07\" data-id=\"65b6c07\" data-element_type=\"column\" data-e-type=\"column\">\n\t\t\t<div class=\"elementor-widget-wrap elementor-element-populated\">\n\t\t\t\t\t\t<div class=\"elementor-element elementor-element-10580ac title elementor-widget elementor-widget-heading\" data-id=\"10580ac\" data-element_type=\"widget\" data-e-type=\"widget\" data-widget_type=\"heading.default\">\n\t\t\t\t<div class=\"elementor-widget-container\">\n\t\t\t\t\t<h1 class=\"elementor-heading-title elementor-size-default\">Menus<\/h1>\t\t\t\t<\/div>\n\t\t\t\t<\/div>\n\t\t\t\t<div class=\"elementor-element elementor-element-eab0090 elementor-widget elementor-widget-text-editor\" data-id=\"eab0090\" data-element_type=\"widget\" data-e-type=\"widget\" data-widget_type=\"text-editor.default\">\n\t\t\t\t<div class=\"elementor-widget-container\">\n\t\t\t\t\t\t\t\t\t<p>F\u00fchlen Sie sich durstig? Lust auf einen Happen zu essen? Sehen Sie sich unsere Speisekarte voller kreativer Cocktails und \u00fcppiger Snacks an.<\/p>\t\t\t\t\t\t\t\t<\/div>\n\t\t\t\t<\/div>\n\t\t\t\t\t<\/div>\n\t\t<\/div>\n\t\t\t\t\t<\/div>\n\t\t<\/section>\n\t\t\t\t<section class=\"elementor-section elementor-inner-section elementor-element elementor-element-a41de45 elementor-section-full_width wrapper-img elementor-section-height-default elementor-section-height-default\" data-id=\"a41de45\" data-element_type=\"section\" data-e-type=\"section\">\n\t\t\t\t\t\t<div class=\"elementor-container elementor-column-gap-default\">\n\t\t\t\t\t<div class=\"elementor-column elementor-col-100 elementor-inner-column elementor-element elementor-element-1a862d5\" data-id=\"1a862d5\" data-element_type=\"column\" data-e-type=\"column\">\n\t\t\t<div class=\"elementor-widget-wrap elementor-element-populated\">\n\t\t\t\t\t\t<div class=\"elementor-element elementor-element-203d396 elementor-widget elementor-widget-image\" data-id=\"203d396\" data-element_type=\"widget\" data-e-type=\"widget\" data-widget_type=\"image.default\">\n\t\t\t\t<div class=\"elementor-widget-container\">\n\t\t\t\t\t\t\t\t\t\t\t\t\t\t\t<img fetchpriority=\"high\" decoding=\"async\" width=\"960\" height=\"640\" src=\"https:\/\/www.nft-skybar.com\/wp-content\/uploads\/2023\/10\/20231010-153651-086A1261-1024x683.jpg\" class=\"attachment-large size-large wp-image-1307\" alt=\"\" srcset=\"https:\/\/www.nft-skybar.com\/wp-content\/uploads\/2023\/10\/20231010-153651-086A1261-1024x683.jpg 1024w, https:\/\/www.nft-skybar.com\/wp-content\/uploads\/2023\/10\/20231010-153651-086A1261-300x200.jpg 300w, https:\/\/www.nft-skybar.com\/wp-content\/uploads\/2023\/10\/20231010-153651-086A1261-768x512.jpg 768w, https:\/\/www.nft-skybar.com\/wp-content\/uploads\/2023\/10\/20231010-153651-086A1261-1536x1025.jpg 1536w, https:\/\/www.nft-skybar.com\/wp-content\/uploads\/2023\/10\/20231010-153651-086A1261-2048x1366.jpg 2048w\" sizes=\"(max-width: 960px) 100vw, 960px\" \/>\t\t\t\t\t\t\t\t\t\t\t\t\t\t\t<\/div>\n\t\t\t\t<\/div>\n\t\t\t\t\t<\/div>\n\t\t<\/div>\n\t\t\t\t\t<\/div>\n\t\t<\/section>\n\t\t\t\t\t<\/div>\n\t\t<\/div>\n\t\t\t\t\t<\/div>\n\t\t<\/section>\n\t\t\t\t<section class=\"elementor-section elementor-top-section elementor-element elementor-element-23ee540 menu-wrapper elementor-section-boxed elementor-section-height-default elementor-section-height-default\" data-id=\"23ee540\" data-element_type=\"section\" data-e-type=\"section\">\n\t\t\t\t\t\t<div class=\"elementor-container elementor-column-gap-default\">\n\t\t\t\t\t<div class=\"elementor-column elementor-col-100 elementor-top-column elementor-element elementor-element-9309f3b\" data-id=\"9309f3b\" data-element_type=\"column\" data-e-type=\"column\">\n\t\t\t<div class=\"elementor-widget-wrap elementor-element-populated\">\n\t\t\t\t\t\t<div class=\"elementor-element elementor-element-be52696 elementor-widget elementor-widget-heading\" data-id=\"be52696\" data-element_type=\"widget\" data-e-type=\"widget\" data-widget_type=\"heading.default\">\n\t\t\t\t<div class=\"elementor-widget-container\">\n\t\t\t\t\t<h2 class=\"elementor-heading-title elementor-size-default\">SKYBAR<\/h2>\t\t\t\t<\/div>\n\t\t\t\t<\/div>\n\t\t\t\t<section class=\"elementor-section elementor-inner-section elementor-element elementor-element-32d8fa0 block-list-menu elementor-section-boxed elementor-section-height-default elementor-section-height-default\" data-id=\"32d8fa0\" data-element_type=\"section\" data-e-type=\"section\">\n\t\t\t\t\t\t<div class=\"elementor-container elementor-column-gap-default\">\n\t\t\t\t\t<div class=\"elementor-column elementor-col-100 elementor-inner-column elementor-element elementor-element-ab3000e menu-buttons\" data-id=\"ab3000e\" data-element_type=\"column\" data-e-type=\"column\">\n\t\t\t<div class=\"elementor-widget-wrap elementor-element-populated\">\n\t\t\t\t\t\t<div class=\"elementor-element elementor-element-7bf0378 elementor-widget elementor-widget-button\" data-id=\"7bf0378\" data-element_type=\"widget\" data-e-type=\"widget\" data-widget_type=\"button.default\">\n\t\t\t\t<div class=\"elementor-widget-container\">\n\t\t\t\t\t\t\t\t\t<div class=\"elementor-button-wrapper\">\n\t\t\t\t\t<a class=\"elementor-button elementor-button-link elementor-size-sm\" href=\"https:\/\/www.nft-skybar.com\/wp-content\/uploads\/2025\/02\/NFT_Drink_Menu_NEW_digital_Feb-2025.pdf\" target=\"_blank\">\n\t\t\t\t\t\t<span class=\"elementor-button-content-wrapper\">\n\t\t\t\t\t\t\t\t\t<span class=\"elementor-button-text\">BAR MEN\u00dc<\/span>\n\t\t\t\t\t<\/span>\n\t\t\t\t\t<\/a>\n\t\t\t\t<\/div>\n\t\t\t\t\t\t\t\t<\/div>\n\t\t\t\t<\/div>\n\t\t\t\t\t<\/div>\n\t\t<\/div>\n\t\t\t\t\t<\/div>\n\t\t<\/section>\n\t\t\t\t\t<\/div>\n\t\t<\/div>\n\t\t\t\t\t<\/div>\n\t\t<\/section>\n\t\t\t\t<\/div>\n\t\t","protected":false},"excerpt":{"rendered":"<p>Menus F\u00fchlen Sie sich durstig? Lust auf einen Happen zu essen? Sehen Sie sich unsere Speisekarte voller kreativer Cocktails und \u00fcppiger Snacks an. SKYBAR BAR MEN\u00dc<\/p>\n","protected":false},"author":1,"featured_media":0,"parent":0,"menu_order":0,"comment_status":"closed","ping_status":"closed","template":"","meta":{"footnotes":""},"class_list":["post-813","page","type-page","status-publish","hentry"],"acf":[],"yoast_head":"<!-- This site is optimized with the Yoast SEO plugin v27.0 - https:\/\/yoast.com\/product\/yoast-seo-wordpress\/ -->\n<title>Entdecken Sie unsere Speisekarte | NFT Skybar<\/title>\n<meta name=\"description\" content=\"Entdecken Sie unsere Men\u00fcauswahl bei NFT Skybar. Werfen Sie einen Blick auf die Speisekarte und treffen Sie eine erste Vorauswahl.\" \/>\n<meta name=\"robots\" content=\"index, follow, max-snippet:-1, max-image-preview:large, max-video-preview:-1\" \/>\n<link rel=\"canonical\" href=\"https:\/\/www.nft-skybar.com\/de\/menu\/\" \/>\n<meta property=\"og:locale\" content=\"de_DE\" \/>\n<meta property=\"og:type\" content=\"article\" \/>\n<meta property=\"og:title\" content=\"Entdecken Sie unsere Speisekarte | NFT Skybar\" \/>\n<meta property=\"og:description\" content=\"Entdecken Sie unsere Men\u00fcauswahl bei NFT Skybar. Werfen Sie einen Blick auf die Speisekarte und treffen Sie eine erste Vorauswahl.\" \/>\n<meta property=\"og:url\" content=\"https:\/\/www.nft-skybar.com\/de\/menu\/\" \/>\n<meta property=\"og:site_name\" content=\"SkyBar\" \/>\n<meta property=\"article:modified_time\" content=\"2025-02-24T08:53:01+00:00\" \/>\n<meta property=\"og:image\" content=\"https:\/\/www.nft-skybar.com\/wp-content\/uploads\/2023\/10\/20231010-153651-086A1261-scaled.jpg\" \/>\n\t<meta property=\"og:image:width\" content=\"2560\" \/>\n\t<meta property=\"og:image:height\" content=\"1708\" \/>\n\t<meta property=\"og:image:type\" content=\"image\/jpeg\" \/>\n<meta name=\"twitter:card\" content=\"summary_large_image\" \/>\n<meta name=\"twitter:label1\" content=\"Gesch\u00e4tzte Lesezeit\" \/>\n\t<meta name=\"twitter:data1\" content=\"1\u00a0Minute\" \/>\n<script type=\"application\/ld+json\" class=\"yoast-schema-graph\">{\"@context\":\"https:\/\/schema.org\",\"@graph\":[{\"@type\":\"WebPage\",\"@id\":\"https:\/\/www.nft-skybar.com\/de\/menu\/\",\"url\":\"https:\/\/www.nft-skybar.com\/de\/menu\/\",\"name\":\"Entdecken Sie unsere Speisekarte | NFT Skybar\",\"isPartOf\":{\"@id\":\"https:\/\/www.nft-skybar.com\/de\/#website\"},\"primaryImageOfPage\":{\"@id\":\"https:\/\/www.nft-skybar.com\/de\/menu\/#primaryimage\"},\"image\":{\"@id\":\"https:\/\/www.nft-skybar.com\/de\/menu\/#primaryimage\"},\"thumbnailUrl\":\"https:\/\/www.nft-skybar.com\/wp-content\/uploads\/2023\/10\/20231010-153651-086A1261-1024x683.jpg\",\"datePublished\":\"2022-09-03T16:54:24+00:00\",\"dateModified\":\"2025-02-24T08:53:01+00:00\",\"description\":\"Entdecken Sie unsere Men\u00fcauswahl bei NFT Skybar. Werfen Sie einen Blick auf die Speisekarte und treffen Sie eine erste Vorauswahl.\",\"breadcrumb\":{\"@id\":\"https:\/\/www.nft-skybar.com\/de\/menu\/#breadcrumb\"},\"inLanguage\":\"de\",\"potentialAction\":[{\"@type\":\"ReadAction\",\"target\":[\"https:\/\/www.nft-skybar.com\/de\/menu\/\"]}]},{\"@type\":\"ImageObject\",\"inLanguage\":\"de\",\"@id\":\"https:\/\/www.nft-skybar.com\/de\/menu\/#primaryimage\",\"url\":\"https:\/\/www.nft-skybar.com\/wp-content\/uploads\/2023\/10\/20231010-153651-086A1261-1024x683.jpg\",\"contentUrl\":\"https:\/\/www.nft-skybar.com\/wp-content\/uploads\/2023\/10\/20231010-153651-086A1261-1024x683.jpg\"},{\"@type\":\"BreadcrumbList\",\"@id\":\"https:\/\/www.nft-skybar.com\/de\/menu\/#breadcrumb\",\"itemListElement\":[{\"@type\":\"ListItem\",\"position\":1,\"name\":\"Home\",\"item\":\"https:\/\/www.nft-skybar.com\/de\/\"},{\"@type\":\"ListItem\",\"position\":2,\"name\":\"Menu\"}]},{\"@type\":\"WebSite\",\"@id\":\"https:\/\/www.nft-skybar.com\/de\/#website\",\"url\":\"https:\/\/www.nft-skybar.com\/de\/\",\"name\":\"SkyBar\",\"description\":\"\",\"potentialAction\":[{\"@type\":\"SearchAction\",\"target\":{\"@type\":\"EntryPoint\",\"urlTemplate\":\"https:\/\/www.nft-skybar.com\/de\/?s={search_term_string}\"},\"query-input\":{\"@type\":\"PropertyValueSpecification\",\"valueRequired\":true,\"valueName\":\"search_term_string\"}}],\"inLanguage\":\"de\"}]}<\/script>\n<!-- \/ Yoast SEO plugin. -->","yoast_head_json":{"title":"Entdecken Sie unsere Speisekarte | NFT Skybar","description":"Entdecken Sie unsere Men\u00fcauswahl bei NFT Skybar. Werfen Sie einen Blick auf die Speisekarte und treffen Sie eine erste Vorauswahl.","robots":{"index":"index","follow":"follow","max-snippet":"max-snippet:-1","max-image-preview":"max-image-preview:large","max-video-preview":"max-video-preview:-1"},"canonical":"https:\/\/www.nft-skybar.com\/de\/menu\/","og_locale":"de_DE","og_type":"article","og_title":"Entdecken Sie unsere Speisekarte | NFT Skybar","og_description":"Entdecken Sie unsere Men\u00fcauswahl bei NFT Skybar. Werfen Sie einen Blick auf die Speisekarte und treffen Sie eine erste Vorauswahl.","og_url":"https:\/\/www.nft-skybar.com\/de\/menu\/","og_site_name":"SkyBar","article_modified_time":"2025-02-24T08:53:01+00:00","og_image":[{"width":2560,"height":1708,"url":"https:\/\/www.nft-skybar.com\/wp-content\/uploads\/2023\/10\/20231010-153651-086A1261-scaled.jpg","type":"image\/jpeg"}],"twitter_card":"summary_large_image","twitter_misc":{"Gesch\u00e4tzte Lesezeit":"1\u00a0Minute"},"schema":{"@context":"https:\/\/schema.org","@graph":[{"@type":"WebPage","@id":"https:\/\/www.nft-skybar.com\/de\/menu\/","url":"https:\/\/www.nft-skybar.com\/de\/menu\/","name":"Entdecken Sie unsere Speisekarte | NFT Skybar","isPartOf":{"@id":"https:\/\/www.nft-skybar.com\/de\/#website"},"primaryImageOfPage":{"@id":"https:\/\/www.nft-skybar.com\/de\/menu\/#primaryimage"},"image":{"@id":"https:\/\/www.nft-skybar.com\/de\/menu\/#primaryimage"},"thumbnailUrl":"https:\/\/www.nft-skybar.com\/wp-content\/uploads\/2023\/10\/20231010-153651-086A1261-1024x683.jpg","datePublished":"2022-09-03T16:54:24+00:00","dateModified":"2025-02-24T08:53:01+00:00","description":"Entdecken Sie unsere Men\u00fcauswahl bei NFT Skybar. Werfen Sie einen Blick auf die Speisekarte und treffen Sie eine erste Vorauswahl.","breadcrumb":{"@id":"https:\/\/www.nft-skybar.com\/de\/menu\/#breadcrumb"},"inLanguage":"de","potentialAction":[{"@type":"ReadAction","target":["https:\/\/www.nft-skybar.com\/de\/menu\/"]}]},{"@type":"ImageObject","inLanguage":"de","@id":"https:\/\/www.nft-skybar.com\/de\/menu\/#primaryimage","url":"https:\/\/www.nft-skybar.com\/wp-content\/uploads\/2023\/10\/20231010-153651-086A1261-1024x683.jpg","contentUrl":"https:\/\/www.nft-skybar.com\/wp-content\/uploads\/2023\/10\/20231010-153651-086A1261-1024x683.jpg"},{"@type":"BreadcrumbList","@id":"https:\/\/www.nft-skybar.com\/de\/menu\/#breadcrumb","itemListElement":[{"@type":"ListItem","position":1,"name":"Home","item":"https:\/\/www.nft-skybar.com\/de\/"},{"@type":"ListItem","position":2,"name":"Menu"}]},{"@type":"WebSite","@id":"https:\/\/www.nft-skybar.com\/de\/#website","url":"https:\/\/www.nft-skybar.com\/de\/","name":"SkyBar","description":"","potentialAction":[{"@type":"SearchAction","target":{"@type":"EntryPoint","urlTemplate":"https:\/\/www.nft-skybar.com\/de\/?s={search_term_string}"},"query-input":{"@type":"PropertyValueSpecification","valueRequired":true,"valueName":"search_term_string"}}],"inLanguage":"de"}]}},"_links":{"self":[{"href":"https:\/\/www.nft-skybar.com\/de\/wp-json\/wp\/v2\/pages\/813","targetHints":{"allow":["GET"]}}],"collection":[{"href":"https:\/\/www.nft-skybar.com\/de\/wp-json\/wp\/v2\/pages"}],"about":[{"href":"https:\/\/www.nft-skybar.com\/de\/wp-json\/wp\/v2\/types\/page"}],"author":[{"embeddable":true,"href":"https:\/\/www.nft-skybar.com\/de\/wp-json\/wp\/v2\/users\/1"}],"replies":[{"embeddable":true,"href":"https:\/\/www.nft-skybar.com\/de\/wp-json\/wp\/v2\/comments?post=813"}],"version-history":[{"count":40,"href":"https:\/\/www.nft-skybar.com\/de\/wp-json\/wp\/v2\/pages\/813\/revisions"}],"predecessor-version":[{"id":1692,"href":"https:\/\/www.nft-skybar.com\/de\/wp-json\/wp\/v2\/pages\/813\/revisions\/1692"}],"wp:attachment":[{"href":"https:\/\/www.nft-skybar.com\/de\/wp-json\/wp\/v2\/media?parent=813"}],"curies":[{"name":"wp","href":"https:\/\/api.w.org\/{rel}","templated":true}]}}